{"id":2,"date":"2026-03-28T09:52:36","date_gmt":"2026-03-28T08:52:36","guid":{"rendered":"http:\/\/andrione.de\/?page_id=2"},"modified":"2026-04-01T17:43:07","modified_gmt":"2026-04-01T15:43:07","slug":"beispiel-seite","status":"publish","type":"page","link":"https:\/\/andrione.de\/?page_id=2","title":{"rendered":"F\u00fcr Menschen in Organisationen"},"content":{"rendered":"\n<p>Wir unterst\u00fctzen Unternehmen dabei, die richtigen Menschen zu finden, fundierte Entscheidungen zu treffen und Entwicklung gezielt zu gestalten. Als psychologisch fundierte Personalberatung verbinden wir wissenschaftliche Diagnostik mit klaren, nutzerzentrierten L\u00f6sungen.<\/p>\n\n\n\n<p>Unser Leistungsportfolio ist modular aufgebaut und orientiert sich an den zentralen Touchpoints der Employee Journey:<br><strong>Recruiting &amp; Auswahl<\/strong>, <strong>Potenzialanalysen<\/strong>, <strong>Online-Diagnostik<\/strong>, <strong>Workshops &amp; Trainings<\/strong> sowie <strong>individuelle HR-Beratung<\/strong> \u2013 von der ersten Einstellung bis zur langfristigen Entwicklung von Mitarbeitenden.<\/p>\n\n\n\n<p>Dabei folgen wir einem klaren Prinzip: Komplexit\u00e4t reduzieren, Relevanz erh\u00f6hen. Unsere Angebote sind so gestaltet, dass sie schnell verst\u00e4ndlich, effizient einsetzbar und direkt wirksam sind \u2013 sowohl f\u00fcr Entscheider:innen als auch f\u00fcr Bewerbende.<\/p>\n\n\n\n<p><strong>Psychologisch fundiert. Digital unterst\u00fctzt. Konsequent aus Nutzerperspektive gedacht.<\/strong><\/p>\n","protected":false},"excerpt":{"rendered":"<p>Wir unterst\u00fctzen Unternehmen dabei, die richtigen Menschen zu finden, fundierte Entscheidungen zu treffen und Entwicklung gezielt zu gestalten. Als psychologisch fundierte Personalberatung verbinden wir wissenschaftliche Diagnostik mit klaren, nutzerzentrierten L\u00f6sungen. Unser Leistungsportfolio ist modular aufgebaut und orientiert sich an den zentralen Touchpoints der Employee Journey:Recruiting &amp; Auswahl, Potenzialanalysen, Online-Diagnostik, Workshops &amp; Trainings sowie individuelle HR-Beratung [&hellip;]<\/p>\n","protected":false},"author":1,"featured_media":0,"parent":0,"menu_order":0,"comment_status":"closed","ping_status":"open","template":"","meta":{"footnotes":""},"class_list":["post-2","page","type-page","status-publish","hentry"],"_links":{"self":[{"href":"https:\/\/andrione.de\/index.php?rest_route=\/wp\/v2\/pages\/2","targetHints":{"allow":["GET"]}}],"collection":[{"href":"https:\/\/andrione.de\/index.php?rest_route=\/wp\/v2\/pages"}],"about":[{"href":"https:\/\/andrione.de\/index.php?rest_route=\/wp\/v2\/types\/page"}],"author":[{"embeddable":true,"href":"https:\/\/andrione.de\/index.php?rest_route=\/wp\/v2\/users\/1"}],"replies":[{"embeddable":true,"href":"https:\/\/andrione.de\/index.php?rest_route=%2Fwp%2Fv2%2Fcomments&post=2"}],"version-history":[{"count":2,"href":"https:\/\/andrione.de\/index.php?rest_route=\/wp\/v2\/pages\/2\/revisions"}],"predecessor-version":[{"id":7,"href":"https:\/\/andrione.de\/index.php?rest_route=\/wp\/v2\/pages\/2\/revisions\/7"}],"wp:attachment":[{"href":"https:\/\/andrione.de\/index.php?rest_route=%2Fwp%2Fv2%2Fmedia&parent=2"}],"curies":[{"name":"wp","href":"https:\/\/api.w.org\/{rel}","templated":true}]}}